{"id":825,"date":"2018-09-04T11:54:30","date_gmt":"2018-09-04T09:54:30","guid":{"rendered":"http:\/\/www.kinekaftp.com\/sevmhy\/\/?page_id=825"},"modified":"2021-08-03T07:56:30","modified_gmt":"2021-08-03T05:56:30","slug":"ingenierie","status":"publish","type":"page","link":"http:\/\/www.kinekaftp.com\/sevmhy\/ingenierie\/","title":{"rendered":"ING\u00c9NIERIE"},"content":{"rendered":"<div id='av_section_1'  class='avia-section main_color avia-section-default avia-no-border-styling  avia-bg-style-scroll  avia-builder-el-0  el_before_av_section  avia-builder-el-first   container_wrap fullsize' style='background-color: #f8f8f8;  '  ><div class='container' ><main  role=\"main\" itemprop=\"mainContentOfPage\"  class='template-page content  av-content-full alpha units'><div class='post-entry post-entry-type-page post-entry-825'><div class='entry-content-wrapper clearfix'>\n<section class=\"av_textblock_section \"  itemscope=\"itemscope\" itemtype=\"https:\/\/schema.org\/CreativeWork\" ><div class='avia_textblock  '   itemprop=\"text\" ><h2 style=\"text-align: center;\">ING<strong style=\"text-align: center;\">\u00c9NIERIE<\/strong><\/h2>\n<\/div><\/section>\n<div  style=' margin-top:30px; margin-bottom:20px;'  class='hr hr-custom hr-center hr-icon-no   avia-builder-el-2  el_after_av_textblock  avia-builder-el-last '><span class='hr-inner  inner-border-av-border-fat' style=' width:50px; border-color:#b02b2c;' ><span class='hr-inner-style'><\/span><\/span><\/div>\n\n<\/div><\/div><\/main><!-- close content main element --><\/div><\/div><div id='av_section_2'  class='avia-section main_color avia-section-default avia-no-border-styling  avia-bg-style-scroll  avia-builder-el-3  el_after_av_section  el_before_av_section   container_wrap fullsize' style=' '  ><div class='container' ><div class='template-page content  av-content-full alpha units'><div class='post-entry post-entry-type-page post-entry-825'><div class='entry-content-wrapper clearfix'>\n<div  class='avia-image-container  av-styling-    avia-builder-el-4  el_before_av_textblock  avia-builder-el-first  avia-align-center '  itemprop=\"image\" itemscope=\"itemscope\" itemtype=\"https:\/\/schema.org\/ImageObject\"  ><div class='avia-image-container-inner'><div class='avia-image-overlay-wrap'><img class='wp-image-861 avia-img-lazy-loading-not-861 avia_image' src=\"http:\/\/www.kinekaftp.com\/sevmhy\/wp-content\/uploads\/2018\/09\/conseil.png\" alt='' title='conseil' height=\"100\" width=\"100\"  itemprop=\"thumbnailUrl\" srcset=\"http:\/\/www.kinekaftp.com\/sevmhy\/wp-content\/uploads\/2018\/09\/conseil.png 100w, http:\/\/www.kinekaftp.com\/sevmhy\/wp-content\/uploads\/2018\/09\/conseil-80x80.png 80w, http:\/\/www.kinekaftp.com\/sevmhy\/wp-content\/uploads\/2018\/09\/conseil-36x36.png 36w\" sizes=\"(max-width: 100px) 100vw, 100px\" \/><\/div><\/div><\/div>\n<section class=\"av_textblock_section \"  itemscope=\"itemscope\" itemtype=\"https:\/\/schema.org\/CreativeWork\" ><div class='avia_textblock  '   itemprop=\"text\" ><h3 style=\"text-align: center;\"><strong>CONSEIL<\/strong><\/h3>\n<\/div><\/section>\n\n<\/div><\/div><\/div><!-- close content main div --><\/div><\/div><div id='av_section_3'  class='avia-section main_color avia-section-default avia-no-border-styling  avia-bg-style-scroll  avia-builder-el-6  el_after_av_section  el_before_av_section   container_wrap fullsize' style=' margin-top:-45px; margin-bottom:-45px; '  ><div class='container' ><div class='template-page content  av-content-full alpha units'><div class='post-entry post-entry-type-page post-entry-825'><div class='entry-content-wrapper clearfix'>\n<div class=\"flex_column av_one_fourth  flex_column_div av-zero-column-padding first  avia-builder-el-7  el_before_av_one_half  avia-builder-el-first  \" style='border-radius:0px; '><\/div><div class=\"flex_column av_one_half  flex_column_div   avia-builder-el-8  el_after_av_one_fourth  el_before_av_one_fourth  \" ><section class=\"av_textblock_section \"  itemscope=\"itemscope\" itemtype=\"https:\/\/schema.org\/CreativeWork\" ><div class='avia_textblock  '  style='font-size:16px; '  itemprop=\"text\" ><p style=\"text-align: left;\">Nous vous accompagnons sur vos dossiers de fabricabilit\u00e9 de A \u00e0 Z.<\/p>\n<\/div><\/section><\/div><div class=\"flex_column av_one_fourth  flex_column_div av-zero-column-padding   avia-builder-el-10  el_after_av_one_half  el_before_av_hr  \" style='border-radius:0px; '><\/div><div  style=' margin-top:30px; margin-bottom:20px;'  class='hr hr-custom hr-center hr-icon-no   avia-builder-el-11  el_after_av_one_fourth  avia-builder-el-last '><span class='hr-inner  inner-border-av-border-fat' style=' width:600px; border-color:#b02b2c;' ><span class='hr-inner-style'><\/span><\/span><\/div>\n\n<\/div><\/div><\/div><!-- close content main div --><\/div><\/div><div id='av_section_4'  class='avia-section main_color avia-section-default avia-no-border-styling  avia-bg-style-scroll  avia-builder-el-12  el_after_av_section  el_before_av_section   container_wrap fullsize' style=' '  ><div class='container' ><div class='template-page content  av-content-full alpha units'><div class='post-entry post-entry-type-page post-entry-825'><div class='entry-content-wrapper clearfix'>\n<div  class='avia-image-container  av-styling-    avia-builder-el-13  el_before_av_textblock  avia-builder-el-first  avia-align-center '  itemprop=\"image\" itemscope=\"itemscope\" itemtype=\"https:\/\/schema.org\/ImageObject\"  ><div class='avia-image-container-inner'><div class='avia-image-overlay-wrap'><img class='wp-image-215 avia-img-lazy-loading-not-215 avia_image' src=\"http:\/\/www.kinekaftp.com\/sevmhy\/wp-content\/uploads\/2017\/05\/icon-metiers-2.png\" alt='\u00e9tudes et conception' title='\u00e9tudes et conception' height=\"100\" width=\"101\"  itemprop=\"thumbnailUrl\" srcset=\"http:\/\/www.kinekaftp.com\/sevmhy\/wp-content\/uploads\/2017\/05\/icon-metiers-2.png 101w, http:\/\/www.kinekaftp.com\/sevmhy\/wp-content\/uploads\/2017\/05\/icon-metiers-2-80x80.png 80w, http:\/\/www.kinekaftp.com\/sevmhy\/wp-content\/uploads\/2017\/05\/icon-metiers-2-36x36.png 36w\" sizes=\"(max-width: 101px) 100vw, 101px\" \/><\/div><\/div><\/div>\n<section class=\"av_textblock_section \"  itemscope=\"itemscope\" itemtype=\"https:\/\/schema.org\/CreativeWork\" ><div class='avia_textblock  '   itemprop=\"text\" ><h3 style=\"text-align: center;\"><strong>\u00c9TUDES DE CONCEPTION<br \/>\n&amp; DE R\u00c9ALISATION<\/strong><\/h3>\n<\/div><\/section>\n\n<\/div><\/div><\/div><!-- close content main div --><\/div><\/div><div id='av_section_5'  class='avia-section main_color avia-section-default avia-no-border-styling  avia-bg-style-scroll  avia-builder-el-15  el_after_av_section  avia-builder-el-last   container_wrap fullsize' style=' '  ><div class='container' ><div class='template-page content  av-content-full alpha units'><div class='post-entry post-entry-type-page post-entry-825'><div class='entry-content-wrapper clearfix'>\n<div class=\"flex_column av_one_fourth  flex_column_div av-zero-column-padding first  avia-builder-el-16  el_before_av_one_half  avia-builder-el-first  \" style='border-radius:0px; '><\/div><div class=\"flex_column av_one_half  flex_column_div av-zero-column-padding   avia-builder-el-17  el_after_av_one_fourth  el_before_av_one_fourth  \" style='border-radius:0px; '><section class=\"av_textblock_section \"  itemscope=\"itemscope\" itemtype=\"https:\/\/schema.org\/CreativeWork\" ><div class='avia_textblock  '  style='font-size:16px; '  itemprop=\"text\" ><p>Processus \u00e9tude de r\u00e9alisation :<br \/>\n<span style=\"color: #d42222;\">_ \u00c9tude m\u00e9canique<br \/>\n_ \u00c9tude \u00e9lectrique<br \/>\n_ \u00c9tude automatisme<br \/>\n_ \u00c9tude pneumatique<br \/>\n_ \u00c9tude hydraulique<\/span><\/p>\n<p>Nos capacit\u00e9s \u00e0 vous r\u00e9aliser les \u00e9tudes, ou capacit\u00e9 de r\u00e9alisation d&rsquo;\u00e9tudes.<\/p>\n<\/div><\/section><\/div><div class=\"flex_column av_one_fourth  flex_column_div av-zero-column-padding   avia-builder-el-19  el_after_av_one_half  el_before_av_hr  \" style='border-radius:0px; '><\/div><div  style=' margin-top:30px; margin-bottom:20px;'  class='hr hr-custom hr-center hr-icon-no   avia-builder-el-20  el_after_av_one_fourth  avia-builder-el-last '><span class='hr-inner  inner-border-av-border-fat' style=' width:600px; border-color:#b02b2c;' ><span class='hr-inner-style'><\/span><\/span><\/div>\n\n","protected":false},"excerpt":{"rendered":"","protected":false},"author":2,"featured_media":0,"parent":0,"menu_order":0,"comment_status":"closed","ping_status":"closed","template":"","meta":[],"_links":{"self":[{"href":"http:\/\/www.kinekaftp.com\/sevmhy\/wp-json\/wp\/v2\/pages\/825"}],"collection":[{"href":"http:\/\/www.kinekaftp.com\/sevmhy\/wp-json\/wp\/v2\/pages"}],"about":[{"href":"http:\/\/www.kinekaftp.com\/sevmhy\/wp-json\/wp\/v2\/types\/page"}],"author":[{"embeddable":true,"href":"http:\/\/www.kinekaftp.com\/sevmhy\/wp-json\/wp\/v2\/users\/2"}],"replies":[{"embeddable":true,"href":"http:\/\/www.kinekaftp.com\/sevmhy\/wp-json\/wp\/v2\/comments?post=825"}],"version-history":[{"count":15,"href":"http:\/\/www.kinekaftp.com\/sevmhy\/wp-json\/wp\/v2\/pages\/825\/revisions"}],"predecessor-version":[{"id":3600,"href":"http:\/\/www.kinekaftp.com\/sevmhy\/wp-json\/wp\/v2\/pages\/825\/revisions\/3600"}],"wp:attachment":[{"href":"http:\/\/www.kinekaftp.com\/sevmhy\/wp-json\/wp\/v2\/media?parent=825"}],"curies":[{"name":"wp","href":"https:\/\/api.w.org\/{rel}","templated":true}]}}